{"id":3122,"date":"2022-08-22T11:28:53","date_gmt":"2022-08-22T11:28:53","guid":{"rendered":"https:\/\/kanaicode.com\/site\/?page_id=3122"},"modified":"2022-08-29T13:34:05","modified_gmt":"2022-08-29T13:34:05","slug":"contactos-2","status":"publish","type":"page","link":"https:\/\/kanaicode.com\/site\/","title":{"rendered":"Contactos"},"content":{"rendered":"<p>[vc_row full_width=&#8221;stretch_row&#8221; content_placement=&#8221;top&#8221; lg_spacing=&#8221;padding_top:75;padding_bottom:120&#8243; onepage_title=&#8221;Contact&#8221; onepage_anchor=&#8221;section-contact&#8221;][vc_column][tm_heading custom_google_font=&#8221;&#8221; align=&#8221;center&#8221; font_size=&#8221;sm:40;md:52;lg:64&#8243; line_height=&#8221;1.13&#8243;]Website Parcialmente en Mantenimiento[\/tm_heading][tm_spacer size=&#8221;lg:17&#8243;][tm_heading tag=&#8221;div&#8221; custom_google_font=&#8221;&#8221; align=&#8221;center&#8221; text_color=&#8221;custom&#8221; custom_text_color=&#8221;#7e7e7e&#8221; font_size=&#8221;lg:18&#8243; line_height=&#8221;1.78&#8243;]Kanaicode es una empresa de servicios inform\u00e1ticos y de nuevas tecnolog\u00edas.<br \/>\nRealizamos todo tipo de servicios TI que garanticen sus necesidades.<\/p>\n<p>En este momento algunas p\u00e1ginas de nuestro website est\u00e1n en mantenimiento.<br \/>\nPlazo estimado de mantenimiento: 7 d\u00edas<\/p>\n<p>Le pedimos disculpas por las molestias.<\/p>\n<p>Muchas gracias[\/tm_heading][tm_spacer size=&#8221;xs:40;lg:107&#8243;][vc_row_inner][vc_column_inner width=&#8221;1\/2&#8243;][tm_spacer size=&#8221;lg:10&#8243;][tm_heading style=&#8221;left-line&#8221; custom_google_font=&#8221;&#8221; max_width=&#8221;540px&#8221;]Si necesita ponerse en <mark>contacto<\/mark> con nosotros, utilice los medios de comunicaci\u00f3n disponibles[\/tm_heading][tm_spacer size=&#8221;lg:12&#8243;][tm_heading tag=&#8221;div&#8221; custom_google_font=&#8221;&#8221; font_size=&#8221;lg:18&#8243; line_height=&#8221;1.67&#8243; css=&#8221;.vc_custom_1661361481164{margin-left: 34px !important;}&#8221;]Le responderemos a las pocas horas de abrir su ticket.[\/tm_heading][tm_spacer size=&#8221;xs:70;sm:20;md:70&#8243;][\/vc_column_inner][vc_column_inner width=&#8221;1\/2&#8243;][tm_contact_form_7 id=&#8221;3379&#8243;][\/vc_column_inner][\/vc_row_inner][\/vc_column][\/vc_row][vc_row][vc_column width=&#8221;2\/4&#8243;][tm_heading custom_google_font=&#8221;&#8221; font_size=&#8221;sm:22;md:26;lg:30&#8243; line_height=&#8221;1.25&#8243;]Alicante &#8211; Espa\u00f1a[\/tm_heading][tm_spacer size=&#8221;lg:28&#8243;][tm_heading tag=&#8221;div&#8221; custom_google_font=&#8221;&#8221; css=&#8221;.vc_custom_1661533259304{margin-bottom: 5px !important;}&#8221;]Calle Marqu\u00e9s de Molins, 22 &#8211; 2\u00ba, 4Bis<br \/>\n03004 Alicante\/Alicante[\/tm_heading][tm_spacer size=&#8221;lg:20&#8243;][tm_heading tag=&#8221;div&#8221; custom_google_font=&#8221;&#8221; text_color=&#8221;primary&#8221; hover_text_color=&#8221;secondary&#8221; css=&#8221;.vc_custom_1661771499145{margin-bottom: 5px !important;}&#8221;]<a href=\"mailto:soporte@kanaicode.com\">soporte@kanaicode.com<\/a>[\/tm_heading][tm_spacer size=&#8221;lg:23&#8243;][tm_heading tag=&#8221;div&#8221; custom_google_font=&#8221;&#8221; font_weight=&#8221;700&#8243; text_color=&#8221;custom&#8221; custom_text_color=&#8221;#696969&#8243; hover_text_color=&#8221;primary&#8221; css=&#8221;.vc_custom_1634874292639{margin-bottom: 5px !important;}&#8221;]<a href=\"tel:(+34) 629 378 262\">(+34) 629 378 262<\/a>[\/tm_heading][tm_spacer size=&#8221;xs:40;sm:40;md:40;lg:40&#8243;][\/vc_column][vc_column width=&#8221;2\/4&#8243;][vc_raw_html]JTNDaWZyYW1lJTIwc3JjJTNEJTIyaHR0cHMlM0ElMkYlMkZ3d3cuZ29vZ2xlLmNvbSUyRm1hcHMlMkZlbWJlZCUzRnBiJTNEJTIxMW0xOCUyMTFtMTIlMjExbTMlMjExZDMxMjguOTM4OTI5Njc5NTQ5MyUyMTJkLTAuNDk0MTkxNTcxMDQxNTc1MyUyMTNkMzguMzUwMzk1NTE0NTk3MTQ2JTIxMm0zJTIxMWYwJTIxMmYwJTIxM2YwJTIxM20yJTIxMWkxMDI0JTIxMmk3NjglMjE0ZjEzLjElMjEzbTMlMjExbTIlMjExczB4ZDYyMzY1MzFhYmZkMTcxJTI1M0EweDI0YzRmZWVjNmY0NWVjMWIlMjEyc0MuJTI1MjBkZWwlMjUyME1hcnF1ZXMlMjUyMGRlJTI1MjBNb2xpbnMlMjUyQyUyNTIwMjIlMjUyQyUyNTIwMDMwMDQlMjUyMEFsaWNhbnRlJTI1MjAlMjhBbGFjYW50JTI5JTI1MkMlMjUyMEFsaWNhbnRlJTI1MkMlMjUyMEVzcGFuaGElMjE1ZTAlMjEzbTIlMjExc3B0LUJSJTIxMnN1cyUyMTR2MTY2MTUzNDAyNTE3NCUyMTVtMiUyMTFzcHQtQlIlMjEyc3VzJTIyJTIwd2lkdGglM0QlMjI2MDAlMjIlMjBoZWlnaHQlM0QlMjIzNTAlMjIlMjBzdHlsZSUzRCUyMmJvcmRlciUzQTNweCUyMHNvbGlkJTIwJTIzM2NhMWZiJTNCJTIyJTIwYWxsb3dmdWxsc2NyZWVuJTNEJTIyJTIyJTIwbG9hZGluZyUzRCUyMmxhenklMjIlMjByZWZlcnJlcnBvbGljeSUzRCUyMm5vLXJlZmVycmVyLXdoZW4tZG93bmdyYWRlJTIyJTNFJTNDJTJGaWZyYW1lJTNF[\/vc_raw_html][\/vc_column][\/vc_row][vc_row][vc_column][tm_spacer size=&#8221;xs:40;sm:40;md:40;lg:40&#8243;][\/vc_column][\/vc_row]<\/p>\n","protected":false},"excerpt":{"rendered":"<p>[vc_row full_width=&#8221;stretch_row&#8221; content_placement=&#8221;top&#8221; lg_spacing=&#8221;padding_top:75;padding_bottom:120&#8243; onepage_title=&#8221;Contact&#8221; onepage_anchor=&#8221;section-contact&#8221;][vc_column][tm_heading custom_google_font=&#8221;&#8221; align=&#8221;center&#8221; font_size=&#8221;sm:40;md:52;lg:64&#8243; line_height=&#8221;1.13&#8243;]Website Parcialmente en Mantenimiento[\/tm_heading][tm_spacer size=&#8221;lg:17&#8243;][tm_heading tag=&#8221;div&#8221; custom_google_font=&#8221;&#8221; align=&#8221;center&#8221; text_color=&#8221;custom&#8221; custom_text_color=&#8221;#7e7e7e&#8221; font_size=&#8221;lg:18&#8243; line_height=&#8221;1.78&#8243;]Kanaicode es una empresa de servicios inform\u00e1ticos y de nuevas tecnolog\u00edas. Realizamos todo tipo de servicios TI que garanticen sus necesidades. En este momento algunas p\u00e1ginas de nuestro website est\u00e1n en mantenimiento. Plazo estimado de mantenimiento: 7 d\u00edas Le pedimos disculpas por las molestias. Muchas gracias[\/tm_heading][tm_spacer size=&#8221;xs:40;lg:107&#8243;][vc_row_inner][vc_column_inner width=&#8221;1\/2&#8243;][tm_spacer size=&#8221;lg:10&#8243;][tm_heading style=&#8221;left-line&#8221; custom_google_font=&#8221;&#8221; max_width=&#8221;540px&#8221;]Si necesita ponerse en contacto con nosotros, utilice los medios de comunicaci\u00f3n disponibles[\/tm_heading][tm_spacer size=&#8221;lg:12&#8243;][tm_heading tag=&#8221;div&#8221; custom_google_font=&#8221;&#8221; font_size=&#8221;lg:18&#8243; line_height=&#8221;1.67&#8243; css=&#8221;.vc_custom_1661361481164{margin-left: 34px !important;}&#8221;]Le responderemos a las pocas horas de abrir su ticket.[\/tm_heading][tm_spacer size=&#8221;xs:70;sm:20;md:70&#8243;][\/vc_column_inner][vc_column_inner width=&#8221;1\/2&#8243;][tm_contact_form_7 id=&#8221;3379&#8243;][\/vc_column_inner][\/vc_row_inner][\/vc_column][\/vc_row][vc_row][vc_column width=&#8221;2\/4&#8243;][tm_heading custom_google_font=&#8221;&#8221; font_size=&#8221;sm:22;md:26;lg:30&#8243; line_height=&#8221;1.25&#8243;]Alicante &#8211; Espa\u00f1a[\/tm_heading][tm_spacer size=&#8221;lg:28&#8243;][tm_heading tag=&#8221;div&#8221; custom_google_font=&#8221;&#8221; css=&#8221;.vc_custom_1661533259304{margin-bottom: 5px !important;}&#8221;]Calle Marqu\u00e9s de Molins, 22 &#8211; 2\u00ba, 4Bis 03004 Alicante\/Alicante[\/tm_heading][tm_spacer size=&#8221;lg:20&#8243;][tm_heading tag=&#8221;div&#8221; custom_google_font=&#8221;&#8221; text_color=&#8221;primary&#8221; hover_text_color=&#8221;secondary&#8221; css=&#8221;.vc_custom_1661771499145{margin-bottom: 5px !important;}&#8221;]soporte@kanaicode.com[\/tm_heading][tm_spacer size=&#8221;lg:23&#8243;][tm_heading tag=&#8221;div&#8221; custom_google_font=&#8221;&#8221; font_weight=&#8221;700&#8243; text_color=&#8221;custom&#8221; custom_text_color=&#8221;#696969&#8243; hover_text_color=&#8221;primary&#8221; css=&#8221;.vc_custom_1634874292639{margin-bottom: 5px !important;}&#8221;](+34) 629 378 262[\/tm_heading][tm_spacer size=&#8221;xs:40;sm:40;md:40;lg:40&#8243;][\/vc_column][vc_column width=&#8221;2\/4&#8243;][vc_raw_html]JTNDaWZyYW1lJTIwc3JjJTNEJTIyaHR0cHMlM0ElMkYlMkZ3d3cuZ29vZ2xlLmNvbSUyRm1hcHMlMkZlbWJlZCUzRnBiJTNEJTIxMW0xOCUyMTFtMTIlMjExbTMlMjExZDMxMjguOTM4OTI5Njc5NTQ5MyUyMTJkLTAuNDk0MTkxNTcxMDQxNTc1MyUyMTNkMzguMzUwMzk1NTE0NTk3MTQ2JTIxMm0zJTIxMWYwJTIxMmYwJTIxM2YwJTIxM20yJTIxMWkxMDI0JTIxMmk3NjglMjE0ZjEzLjElMjEzbTMlMjExbTIlMjExczB4ZDYyMzY1MzFhYmZkMTcxJTI1M0EweDI0YzRmZWVjNmY0NWVjMWIlMjEyc0MuJTI1MjBkZWwlMjUyME1hcnF1ZXMlMjUyMGRlJTI1MjBNb2xpbnMlMjUyQyUyNTIwMjIlMjUyQyUyNTIwMDMwMDQlMjUyMEFsaWNhbnRlJTI1MjAlMjhBbGFjYW50JTI5JTI1MkMlMjUyMEFsaWNhbnRlJTI1MkMlMjUyMEVzcGFuaGElMjE1ZTAlMjEzbTIlMjExc3B0LUJSJTIxMnN1cyUyMTR2MTY2MTUzNDAyNTE3NCUyMTVtMiUyMTFzcHQtQlIlMjEyc3VzJTIyJTIwd2lkdGglM0QlMjI2MDAlMjIlMjBoZWlnaHQlM0QlMjIzNTAlMjIlMjBzdHlsZSUzRCUyMmJvcmRlciUzQTNweCUyMHNvbGlkJTIwJTIzM2NhMWZiJTNCJTIyJTIwYWxsb3dmdWxsc2NyZWVuJTNEJTIyJTIyJTIwbG9hZGluZyUzRCUyMmxhenklMjIlMjByZWZlcnJlcnBvbGljeSUzRCUyMm5vLXJlZmVycmVyLXdoZW4tZG93bmdyYWRlJTIyJTNFJTNDJTJGaWZyYW1lJTNF[\/vc_raw_html][\/vc_column][\/vc_row][vc_row][vc_column][tm_spacer size=&#8221;xs:40;sm:40;md:40;lg:40&#8243;][\/vc_column][\/vc_row]<\/p>\n","protected":false},"author":1,"featured_media":0,"parent":0,"menu_order":0,"comment_status":"closed","ping_status":"closed","template":"","meta":{"footnotes":""},"class_list":["post-3122","page","type-page","status-publish","hentry","post-no-thumbnail"],"_links":{"self":[{"href":"https:\/\/kanaicode.com\/site\/wp-json\/wp\/v2\/pages\/3122","targetHints":{"allow":["GET"]}}],"collection":[{"href":"https:\/\/kanaicode.com\/site\/wp-json\/wp\/v2\/pages"}],"about":[{"href":"https:\/\/kanaicode.com\/site\/wp-json\/wp\/v2\/types\/page"}],"author":[{"embeddable":true,"href":"https:\/\/kanaicode.com\/site\/wp-json\/wp\/v2\/users\/1"}],"replies":[{"embeddable":true,"href":"https:\/\/kanaicode.com\/site\/wp-json\/wp\/v2\/comments?post=3122"}],"version-history":[{"count":14,"href":"https:\/\/kanaicode.com\/site\/wp-json\/wp\/v2\/pages\/3122\/revisions"}],"predecessor-version":[{"id":3380,"href":"https:\/\/kanaicode.com\/site\/wp-json\/wp\/v2\/pages\/3122\/revisions\/3380"}],"wp:attachment":[{"href":"https:\/\/kanaicode.com\/site\/wp-json\/wp\/v2\/media?parent=3122"}],"curies":[{"name":"wp","href":"https:\/\/api.w.org\/{rel}","templated":true}]}}